{"id":1050,"date":"2024-12-11T16:15:56","date_gmt":"2024-12-11T15:15:56","guid":{"rendered":"https:\/\/sonjaruetimann.ch\/imprint\/"},"modified":"2025-08-04T14:58:35","modified_gmt":"2025-08-04T12:58:35","slug":"imprint","status":"publish","type":"page","link":"https:\/\/sonjaruetimann.ch\/en\/imprint\/","title":{"rendered":"Imprint"},"content":{"rendered":"\t\t<div data-elementor-type=\"wp-page\" data-elementor-id=\"1050\" class=\"elementor elementor-1050 elementor-34\" data-elementor-post-type=\"page\">\n\t\t\t\t<div class=\"elementor-element elementor-element-3937c95 e-flex e-con-boxed e-con e-parent\" data-id=\"3937c95\" data-element_type=\"container\" data-e-type=\"container\">\n\t\t\t\t\t<div class=\"e-con-inner\">\n\t\t\t\t<div class=\"elementor-element elementor-element-86fd194 elementor-widget elementor-widget-heading\" data-id=\"86fd194\" data-element_type=\"widget\" data-e-type=\"widget\" data-widget_type=\"heading.default\">\n\t\t\t\t<div class=\"elementor-widget-container\">\n\t\t\t\t\t<h2 class=\"elementor-heading-title elementor-size-default\">Imprint<\/h2>\t\t\t\t<\/div>\n\t\t\t\t<\/div>\n\t\t\t\t<div class=\"elementor-element elementor-element-79d4013 elementor-widget elementor-widget-text-editor\" data-id=\"79d4013\" data-element_type=\"widget\" data-e-type=\"widget\" data-widget_type=\"text-editor.default\">\n\t\t\t\t<div class=\"elementor-widget-container\">\n\t\t\t\t\t\t\t\t\t<div class=\"tab-description\"><p><strong>Responsible<\/strong> <b>authority<\/b>:<br><span style=\"font-family: -apple-system, BlinkMacSystemFont, 'Segoe UI', Roboto, 'Helvetica Neue', Arial, 'Noto Sans', sans-serif, 'Apple Color Emoji', 'Segoe UI Emoji', 'Segoe UI Symbol', 'Noto Color Emoji';\">Sonja R\u00fctimann<br><\/span><span style=\"font-family: -apple-system, BlinkMacSystemFont, 'Segoe UI', Roboto, 'Helvetica Neue', Arial, 'Noto Sans', sans-serif, 'Apple Color Emoji', 'Segoe UI Emoji', 'Segoe UI Symbol', 'Noto Color Emoji';\">Energie &amp; Coaching<br><\/span><\/p><p><strong>Sonja R\u00fctimann<\/strong><br>Energie &amp; Coaching<br>Villa Beauty<br>Florastrasse 40<br>1. Stock, Uster<br><strong style=\"font-family: -apple-system, BlinkMacSystemFont, 'Segoe UI', Roboto, 'Helvetica Neue', Arial, 'Noto Sans', sans-serif, 'Apple Color Emoji', 'Segoe UI Emoji', 'Segoe UI Symbol', 'Noto Color Emoji';\">E-Mail<\/strong><span style=\"font-family: -apple-system, BlinkMacSystemFont, 'Segoe UI', Roboto, 'Helvetica Neue', Arial, 'Noto Sans', sans-serif, 'Apple Color Emoji', 'Segoe UI Emoji', 'Segoe UI Symbol', 'Noto Color Emoji';\">: <a href=\"mailto:willkommen@sonjaruetimann.ch\">willkommen@sonjaruetimann.ch<\/a><\/span><\/p><p><strong style=\"font-family: -apple-system, BlinkMacSystemFont, 'Segoe UI', Roboto, 'Helvetica Neue', Arial, 'Noto Sans', sans-serif, 'Apple Color Emoji', 'Segoe UI Emoji', 'Segoe UI Symbol', 'Noto Color Emoji';\">Authorised representative(s)<br><\/strong><span style=\"font-family: -apple-system, BlinkMacSystemFont, 'Segoe UI', Roboto, 'Helvetica Neue', Arial, 'Noto Sans', sans-serif, 'Apple Color Emoji', 'Segoe UI Emoji', 'Segoe UI Symbol', 'Noto Color Emoji';\"><span style=\"font-family: -apple-system, BlinkMacSystemFont, 'Segoe UI', Roboto, 'Helvetica Neue', Arial, 'Noto Sans', sans-serif, 'Apple Color Emoji', 'Segoe UI Emoji', 'Segoe UI Symbol', 'Noto Color Emoji';\">Sonja R\u00fctimann<\/span><\/span><\/p><p><strong>Concept &amp; Text<br><\/strong><span style=\"font-family: -apple-system, BlinkMacSystemFont, 'Segoe UI', Roboto, 'Helvetica Neue', Arial, 'Noto Sans', sans-serif, 'Apple Color Emoji', 'Segoe UI Emoji', 'Segoe UI Symbol', 'Noto Color Emoji';\">Kommunikationskultur GmbH<br><\/span><span style=\"font-family: -apple-system, BlinkMacSystemFont, 'Segoe UI', Roboto, 'Helvetica Neue', Arial, 'Noto Sans', sans-serif, 'Apple Color Emoji', 'Segoe UI Emoji', 'Segoe UI Symbol', 'Noto Color Emoji';\">Gr\u00fcngenstrasse 11b<br><\/span><span style=\"font-family: -apple-system, BlinkMacSystemFont, 'Segoe UI', Roboto, 'Helvetica Neue', Arial, 'Noto Sans', sans-serif, 'Apple Color Emoji', 'Segoe UI Emoji', 'Segoe UI Symbol', 'Noto Color Emoji';\">4562 Solothurn-Biberist<\/span><span style=\"font-family: -apple-system, BlinkMacSystemFont, 'Segoe UI', Roboto, 'Helvetica Neue', Arial, 'Noto Sans', sans-serif, 'Apple Color Emoji', 'Segoe UI Emoji', 'Segoe UI Symbol', 'Noto Color Emoji';\"><br><\/span><span style=\"font-family: -apple-system, BlinkMacSystemFont, 'Segoe UI', Roboto, 'Helvetica Neue', Arial, 'Noto Sans', sans-serif, 'Apple Color Emoji', 'Segoe UI Emoji', 'Segoe UI Symbol', 'Noto Color Emoji';\"><strong style=\"font-family: -apple-system, BlinkMacSystemFont, 'Segoe UI', Roboto, 'Helvetica Neue', Arial, 'Noto Sans', sans-serif, 'Apple Color Emoji', 'Segoe UI Emoji', 'Segoe UI Symbol', 'Noto Color Emoji';\">E-Mail:<\/strong> <a href=\"mailto:willkommen@matthiasnold.ch\">willkommen@matthiasnold.ch<\/a><br><\/span><span style=\"font-family: -apple-system, BlinkMacSystemFont, 'Segoe UI', Roboto, 'Helvetica Neue', Arial, 'Noto Sans', sans-serif, 'Apple Color Emoji', 'Segoe UI Emoji', 'Segoe UI Symbol', 'Noto Color Emoji';\"><strong style=\"font-family: -apple-system, BlinkMacSystemFont, 'Segoe UI', Roboto, 'Helvetica Neue', Arial, 'Noto Sans', sans-serif, 'Apple Color Emoji', 'Segoe UI Emoji', 'Segoe UI Symbol', 'Noto Color Emoji';\">Website:<\/strong> <a href=\"http:\/\/www.matthiasnold.ch\" target=\"_blank\" rel=\"noopener\">www.matthiasnold.ch<\/a><br><strong>Tel:<\/strong> <a href=\"tel:+41%2032%20672%2004%2006\">+41 32 672 04 06<\/a><\/span><span style=\"font-family: -apple-system, BlinkMacSystemFont, 'Segoe UI', Roboto, 'Helvetica Neue', Arial, 'Noto Sans', sans-serif, 'Apple Color Emoji', 'Segoe UI Emoji', 'Segoe UI Symbol', 'Noto Color Emoji';\"><br><\/span><span style=\"font-family: -apple-system, BlinkMacSystemFont, 'Segoe UI', Roboto, 'Helvetica Neue', Arial, 'Noto Sans', sans-serif, 'Apple Color Emoji', 'Segoe UI Emoji', 'Segoe UI Symbol', 'Noto Color Emoji';\"><br><\/span><strong style=\"font-family: -apple-system, BlinkMacSystemFont, 'Segoe UI', Roboto, 'Helvetica Neue', Arial, 'Noto Sans', sans-serif, 'Apple Color Emoji', 'Segoe UI Emoji', 'Segoe UI Symbol', 'Noto Color Emoji';\">Design &amp; implementation<br><\/strong><span style=\"font-family: -apple-system, BlinkMacSystemFont, 'Segoe UI', Roboto, 'Helvetica Neue', Arial, 'Noto Sans', sans-serif, 'Apple Color Emoji', 'Segoe UI Emoji', 'Segoe UI Symbol', 'Noto Color Emoji';\">Kreativkind GmbH<br><\/span><span style=\"font-family: -apple-system, BlinkMacSystemFont, 'Segoe UI', Roboto, 'Helvetica Neue', Arial, 'Noto Sans', sans-serif, 'Apple Color Emoji', 'Segoe UI Emoji', 'Segoe UI Symbol', 'Noto Color Emoji';\">Ob der Gass 8b<br><\/span><span style=\"font-family: -apple-system, BlinkMacSystemFont, 'Segoe UI', Roboto, 'Helvetica Neue', Arial, 'Noto Sans', sans-serif, 'Apple Color Emoji', 'Segoe UI Emoji', 'Segoe UI Symbol', 'Noto Color Emoji';\">8450 Andelfingen<br><\/span><strong style=\"font-family: -apple-system, BlinkMacSystemFont, 'Segoe UI', Roboto, 'Helvetica Neue', Arial, 'Noto Sans', sans-serif, 'Apple Color Emoji', 'Segoe UI Emoji', 'Segoe UI Symbol', 'Noto Color Emoji';\">E-Mail:<\/strong><span style=\"font-family: -apple-system, BlinkMacSystemFont, 'Segoe UI', Roboto, 'Helvetica Neue', Arial, 'Noto Sans', sans-serif, 'Apple Color Emoji', 'Segoe UI Emoji', 'Segoe UI Symbol', 'Noto Color Emoji';\"> <\/span><a style=\"font-family: -apple-system, BlinkMacSystemFont, 'Segoe UI', Roboto, 'Helvetica Neue', Arial, 'Noto Sans', sans-serif, 'Apple Color Emoji', 'Segoe UI Emoji', 'Segoe UI Symbol', 'Noto Color Emoji';\" href=\"mailto:hallo@kreativkind.ch\">hallo@kreativkind.ch<\/a><br><strong style=\"font-family: -apple-system, BlinkMacSystemFont, 'Segoe UI', Roboto, 'Helvetica Neue', Arial, 'Noto Sans', sans-serif, 'Apple Color Emoji', 'Segoe UI Emoji', 'Segoe UI Symbol', 'Noto Color Emoji';\">Website:<\/strong><span style=\"font-family: -apple-system, BlinkMacSystemFont, 'Segoe UI', Roboto, 'Helvetica Neue', Arial, 'Noto Sans', sans-serif, 'Apple Color Emoji', 'Segoe UI Emoji', 'Segoe UI Symbol', 'Noto Color Emoji';\"> <\/span><a style=\"font-family: -apple-system, BlinkMacSystemFont, 'Segoe UI', Roboto, 'Helvetica Neue', Arial, 'Noto Sans', sans-serif, 'Apple Color Emoji', 'Segoe UI Emoji', 'Segoe UI Symbol', 'Noto Color Emoji';\" href=\"http:\/\/www.kreativkind.ch\/\" target=\"_blank\" rel=\"noopener\">www.kreativkind.ch<\/a><br><strong style=\"font-family: -apple-system, BlinkMacSystemFont, 'Segoe UI', Roboto, 'Helvetica Neue', Arial, 'Noto Sans', sans-serif, 'Apple Color Emoji', 'Segoe UI Emoji', 'Segoe UI Symbol', 'Noto Color Emoji';\">Tel: <\/strong><a style=\"font-family: -apple-system, BlinkMacSystemFont, 'Segoe UI', Roboto, 'Helvetica Neue', Arial, 'Noto Sans', sans-serif, 'Apple Color Emoji', 'Segoe UI Emoji', 'Segoe UI Symbol', 'Noto Color Emoji';\" href=\"tel:+4178%20411%2046%2059\">+41 78 411 46 59<\/a><\/p><\/div>\t\t\t\t\t\t\t\t<\/div>\n\t\t\t\t<\/div>\n\t\t\t\t\t<\/div>\n\t\t\t\t<\/div>\n\t\t\t\t<\/div>\n\t\t","protected":false},"excerpt":{"rendered":"<p>Imprint Responsible authority:Sonja R\u00fctimannEnergie &amp; Coaching Sonja R\u00fctimannEnergie &amp; CoachingVilla BeautyFlorastrasse 401. Stock, UsterE-Mail: willkommen@sonjaruetimann.ch Authorised representative(s)Sonja R\u00fctimann Concept &amp; TextKommunikationskultur GmbHGr\u00fcngenstrasse 11b4562 Solothurn-BiberistE-Mail: willkommen@matthiasnold.chWebsite: www.matthiasnold.chTel: +41 32 672 04 06 Design &amp; implementationKreativkind GmbHOb der Gass 8b8450 AndelfingenE-Mail: hallo@kreativkind.chWebsite: www.kreativkind.chTel: +41 78 411 46 59<\/p>\n","protected":false},"author":1,"featured_media":0,"parent":0,"menu_order":11,"comment_status":"closed","ping_status":"closed","template":"elementor_header_footer","meta":{"footnotes":""},"class_list":["post-1050","page","type-page","status-publish","hentry"],"yoast_head":"<!-- This site is optimized with the Yoast SEO plugin v27.0 - https:\/\/yoast.com\/product\/yoast-seo-wordpress\/ -->\r\n<title>Imprint &#8226; Sonja R\u00fctimann<\/title>\r\n<meta name=\"robots\" content=\"index, follow, max-snippet:-1, max-image-preview:large, max-video-preview:-1\" \/>\r\n<link rel=\"canonical\" href=\"https:\/\/sonjaruetimann.ch\/en\/imprint\/\" \/>\r\n<meta property=\"og:locale\" content=\"en_US\" \/>\r\n<meta property=\"og:type\" content=\"article\" \/>\r\n<meta property=\"og:title\" content=\"Imprint &#8226; Sonja R\u00fctimann\" \/>\r\n<meta property=\"og:description\" content=\"Imprint Responsible authority:Sonja R\u00fctimannEnergie &amp; Coaching Sonja R\u00fctimannEnergie &amp; CoachingVilla BeautyFlorastrasse 401. Stock, UsterE-Mail: willkommen@sonjaruetimann.ch Authorised representative(s)Sonja R\u00fctimann Concept &amp; TextKommunikationskultur GmbHGr\u00fcngenstrasse 11b4562 Solothurn-BiberistE-Mail: willkommen@matthiasnold.chWebsite: www.matthiasnold.chTel: +41 32 672 04 06 Design &amp; implementationKreativkind GmbHOb der Gass 8b8450 AndelfingenE-Mail: hallo@kreativkind.chWebsite: www.kreativkind.chTel: +41 78 411 46 59\" \/>\r\n<meta property=\"og:url\" content=\"https:\/\/sonjaruetimann.ch\/en\/imprint\/\" \/>\r\n<meta property=\"og:site_name\" content=\"Sonja R\u00fctimann\" \/>\r\n<meta property=\"article:modified_time\" content=\"2025-08-04T12:58:35+00:00\" \/>\r\n<meta property=\"og:image\" content=\"https:\/\/sonjaruetimann.ch\/wp-content\/uploads\/2025\/01\/Sonja_ruetimann_ueber_mich.jpg\" \/>\r\n\t<meta property=\"og:image:width\" content=\"2048\" \/>\r\n\t<meta property=\"og:image:height\" content=\"1365\" \/>\r\n\t<meta property=\"og:image:type\" content=\"image\/jpeg\" \/>\r\n<meta name=\"twitter:card\" content=\"summary_large_image\" \/>\r\n<script type=\"application\/ld+json\" class=\"yoast-schema-graph\">{\"@context\":\"https:\/\/schema.org\",\"@graph\":[{\"@type\":\"WebPage\",\"@id\":\"https:\/\/sonjaruetimann.ch\/en\/imprint\/\",\"url\":\"https:\/\/sonjaruetimann.ch\/en\/imprint\/\",\"name\":\"Imprint &#8226; Sonja R\u00fctimann\",\"isPartOf\":{\"@id\":\"https:\/\/sonjaruetimann.ch\/en\/#website\"},\"datePublished\":\"2024-12-11T15:15:56+00:00\",\"dateModified\":\"2025-08-04T12:58:35+00:00\",\"breadcrumb\":{\"@id\":\"https:\/\/sonjaruetimann.ch\/en\/imprint\/#breadcrumb\"},\"inLanguage\":\"en-US\",\"potentialAction\":[{\"@type\":\"ReadAction\",\"target\":[\"https:\/\/sonjaruetimann.ch\/en\/imprint\/\"]}]},{\"@type\":\"BreadcrumbList\",\"@id\":\"https:\/\/sonjaruetimann.ch\/en\/imprint\/#breadcrumb\",\"itemListElement\":[{\"@type\":\"ListItem\",\"position\":1,\"name\":\"Startseite\",\"item\":\"https:\/\/sonjaruetimann.ch\/en\/\"},{\"@type\":\"ListItem\",\"position\":2,\"name\":\"Imprint\"}]},{\"@type\":\"WebSite\",\"@id\":\"https:\/\/sonjaruetimann.ch\/en\/#website\",\"url\":\"https:\/\/sonjaruetimann.ch\/en\/\",\"name\":\"Sonja R\u00fctimann Energie & Coaching\",\"description\":\"Energie &amp; Coaching\",\"publisher\":{\"@id\":\"https:\/\/sonjaruetimann.ch\/en\/#organization\"},\"potentialAction\":[{\"@type\":\"SearchAction\",\"target\":{\"@type\":\"EntryPoint\",\"urlTemplate\":\"https:\/\/sonjaruetimann.ch\/en\/?s={search_term_string}\"},\"query-input\":{\"@type\":\"PropertyValueSpecification\",\"valueRequired\":true,\"valueName\":\"search_term_string\"}}],\"inLanguage\":\"en-US\"},{\"@type\":\"Organization\",\"@id\":\"https:\/\/sonjaruetimann.ch\/en\/#organization\",\"name\":\"Sonja R\u00fctimann Energie & Coaching\",\"url\":\"https:\/\/sonjaruetimann.ch\/en\/\",\"logo\":{\"@type\":\"ImageObject\",\"inLanguage\":\"en-US\",\"@id\":\"https:\/\/sonjaruetimann.ch\/en\/#\/schema\/logo\/image\/\",\"url\":\"https:\/\/sonjaruetimann.ch\/wp-content\/uploads\/2025\/01\/SonjaRuetimann_Logo.jpg\",\"contentUrl\":\"https:\/\/sonjaruetimann.ch\/wp-content\/uploads\/2025\/01\/SonjaRuetimann_Logo.jpg\",\"width\":800,\"height\":249,\"caption\":\"Sonja R\u00fctimann Energie & Coaching\"},\"image\":{\"@id\":\"https:\/\/sonjaruetimann.ch\/en\/#\/schema\/logo\/image\/\"}}]}<\/script>\r\n<!-- \/ Yoast SEO plugin. -->","yoast_head_json":{"title":"Imprint &#8226; Sonja R\u00fctimann","robots":{"index":"index","follow":"follow","max-snippet":"max-snippet:-1","max-image-preview":"max-image-preview:large","max-video-preview":"max-video-preview:-1"},"canonical":"https:\/\/sonjaruetimann.ch\/en\/imprint\/","og_locale":"en_US","og_type":"article","og_title":"Imprint &#8226; Sonja R\u00fctimann","og_description":"Imprint Responsible authority:Sonja R\u00fctimannEnergie &amp; Coaching Sonja R\u00fctimannEnergie &amp; CoachingVilla BeautyFlorastrasse 401. Stock, UsterE-Mail: willkommen@sonjaruetimann.ch Authorised representative(s)Sonja R\u00fctimann Concept &amp; TextKommunikationskultur GmbHGr\u00fcngenstrasse 11b4562 Solothurn-BiberistE-Mail: willkommen@matthiasnold.chWebsite: www.matthiasnold.chTel: +41 32 672 04 06 Design &amp; implementationKreativkind GmbHOb der Gass 8b8450 AndelfingenE-Mail: hallo@kreativkind.chWebsite: www.kreativkind.chTel: +41 78 411 46 59","og_url":"https:\/\/sonjaruetimann.ch\/en\/imprint\/","og_site_name":"Sonja R\u00fctimann","article_modified_time":"2025-08-04T12:58:35+00:00","og_image":[{"width":2048,"height":1365,"url":"https:\/\/sonjaruetimann.ch\/wp-content\/uploads\/2025\/01\/Sonja_ruetimann_ueber_mich.jpg","type":"image\/jpeg"}],"twitter_card":"summary_large_image","schema":{"@context":"https:\/\/schema.org","@graph":[{"@type":"WebPage","@id":"https:\/\/sonjaruetimann.ch\/en\/imprint\/","url":"https:\/\/sonjaruetimann.ch\/en\/imprint\/","name":"Imprint &#8226; Sonja R\u00fctimann","isPartOf":{"@id":"https:\/\/sonjaruetimann.ch\/en\/#website"},"datePublished":"2024-12-11T15:15:56+00:00","dateModified":"2025-08-04T12:58:35+00:00","breadcrumb":{"@id":"https:\/\/sonjaruetimann.ch\/en\/imprint\/#breadcrumb"},"inLanguage":"en-US","potentialAction":[{"@type":"ReadAction","target":["https:\/\/sonjaruetimann.ch\/en\/imprint\/"]}]},{"@type":"BreadcrumbList","@id":"https:\/\/sonjaruetimann.ch\/en\/imprint\/#breadcrumb","itemListElement":[{"@type":"ListItem","position":1,"name":"Startseite","item":"https:\/\/sonjaruetimann.ch\/en\/"},{"@type":"ListItem","position":2,"name":"Imprint"}]},{"@type":"WebSite","@id":"https:\/\/sonjaruetimann.ch\/en\/#website","url":"https:\/\/sonjaruetimann.ch\/en\/","name":"Sonja R\u00fctimann Energie & Coaching","description":"Energie &amp; Coaching","publisher":{"@id":"https:\/\/sonjaruetimann.ch\/en\/#organization"},"potentialAction":[{"@type":"SearchAction","target":{"@type":"EntryPoint","urlTemplate":"https:\/\/sonjaruetimann.ch\/en\/?s={search_term_string}"},"query-input":{"@type":"PropertyValueSpecification","valueRequired":true,"valueName":"search_term_string"}}],"inLanguage":"en-US"},{"@type":"Organization","@id":"https:\/\/sonjaruetimann.ch\/en\/#organization","name":"Sonja R\u00fctimann Energie & Coaching","url":"https:\/\/sonjaruetimann.ch\/en\/","logo":{"@type":"ImageObject","inLanguage":"en-US","@id":"https:\/\/sonjaruetimann.ch\/en\/#\/schema\/logo\/image\/","url":"https:\/\/sonjaruetimann.ch\/wp-content\/uploads\/2025\/01\/SonjaRuetimann_Logo.jpg","contentUrl":"https:\/\/sonjaruetimann.ch\/wp-content\/uploads\/2025\/01\/SonjaRuetimann_Logo.jpg","width":800,"height":249,"caption":"Sonja R\u00fctimann Energie & Coaching"},"image":{"@id":"https:\/\/sonjaruetimann.ch\/en\/#\/schema\/logo\/image\/"}}]}},"_links":{"self":[{"href":"https:\/\/sonjaruetimann.ch\/en\/wp-json\/wp\/v2\/pages\/1050","targetHints":{"allow":["GET"]}}],"collection":[{"href":"https:\/\/sonjaruetimann.ch\/en\/wp-json\/wp\/v2\/pages"}],"about":[{"href":"https:\/\/sonjaruetimann.ch\/en\/wp-json\/wp\/v2\/types\/page"}],"author":[{"embeddable":true,"href":"https:\/\/sonjaruetimann.ch\/en\/wp-json\/wp\/v2\/users\/1"}],"replies":[{"embeddable":true,"href":"https:\/\/sonjaruetimann.ch\/en\/wp-json\/wp\/v2\/comments?post=1050"}],"version-history":[{"count":0,"href":"https:\/\/sonjaruetimann.ch\/en\/wp-json\/wp\/v2\/pages\/1050\/revisions"}],"wp:attachment":[{"href":"https:\/\/sonjaruetimann.ch\/en\/wp-json\/wp\/v2\/media?parent=1050"}],"curies":[{"name":"wp","href":"https:\/\/api.w.org\/{rel}","templated":true}]}}